{"id":2520,"date":"2025-12-31T02:20:36","date_gmt":"2025-12-31T02:20:36","guid":{"rendered":"https:\/\/dev-wp.cactusgaming.net\/?page_id=2520"},"modified":"2026-01-06T22:43:39","modified_gmt":"2026-01-06T22:43:39","slug":"evenements-precedents","status":"publish","type":"page","link":"https:\/\/cactusgaming.net\/fr\/eventos\/eventos-anteriores\/","title":{"rendered":"\u00c9v\u00e9nements pr\u00e9c\u00e9dents"},"content":{"rendered":"","protected":false},"excerpt":{"rendered":"","protected":false},"author":8,"featured_media":0,"parent":1848,"menu_order":0,"comment_status":"closed","ping_status":"closed","template":"","meta":{"_acf_changed":false,"footnotes":""},"class_list":["post-2520","page","type-page","status-publish","hentry"],"acf":[],"_links":{"self":[{"href":"https:\/\/cactusgaming.net\/fr\/wp-json\/wp\/v2\/pages\/2520","targetHints":{"allow":["GET"]}}],"collection":[{"href":"https:\/\/cactusgaming.net\/fr\/wp-json\/wp\/v2\/pages"}],"about":[{"href":"https:\/\/cactusgaming.net\/fr\/wp-json\/wp\/v2\/types\/page"}],"author":[{"embeddable":true,"href":"https:\/\/cactusgaming.net\/fr\/wp-json\/wp\/v2\/users\/8"}],"replies":[{"embeddable":true,"href":"https:\/\/cactusgaming.net\/fr\/wp-json\/wp\/v2\/comments?post=2520"}],"version-history":[{"count":12,"href":"https:\/\/cactusgaming.net\/fr\/wp-json\/wp\/v2\/pages\/2520\/revisions"}],"predecessor-version":[{"id":3222,"href":"https:\/\/cactusgaming.net\/fr\/wp-json\/wp\/v2\/pages\/2520\/revisions\/3222"}],"up":[{"embeddable":true,"href":"https:\/\/cactusgaming.net\/fr\/wp-json\/wp\/v2\/pages\/1848"}],"wp:attachment":[{"href":"https:\/\/cactusgaming.net\/fr\/wp-json\/wp\/v2\/media?parent=2520"}],"curies":[{"name":"wp","href":"https:\/\/api.w.org\/{rel}","templated":true}]}}